{"id":4,"date":"2019-12-20T20:58:06","date_gmt":"2019-12-20T20:58:06","guid":{"rendered":"https:\/\/www.capricare.eu\/-hcp\/?page_id=4"},"modified":"2020-10-16T19:07:06","modified_gmt":"2020-10-16T19:07:06","slug":"healthcare-professionals","status":"publish","type":"page","link":"https:\/\/www.capricare.es\/hcp\/","title":{"rendered":"Profesionales Sanitarios"},"content":{"rendered":"<!-- Added by Post\/Page Specific Custom Code plugin, thank you for using! -->\n<style>#header-outer:not(.transparent) #top #logo {width:95px!important;height:50px!important;}\r\n#header-outer #logo img {width:95px!important;height:50px!important;}\r\n#header-outer #logo {margin-top:15px!important;margin-bottom:15px!important;}\r\n#header-space {height:80px!important;}\r\nheader#top nav > ul > li > a {padding-top: 32px !important;}<\/style>\n[vc_row type=&#8221;full_width_background&#8221; full_screen_row_position=&#8221;middle&#8221; equal_height=&#8221;yes&#8221; content_placement=&#8221;middle&#8221; column_margin=&#8221;default&#8221; scene_position=&#8221;center&#8221; text_color=&#8221;dark&#8221; text_align=&#8221;left&#8221; id=&#8221;hcp-home&#8221; overlay_strength=&#8221;0.3&#8243; shape_divider_position=&#8221;bottom&#8221; bg_image_animation=&#8221;none&#8221; shape_type=&#8221;&#8221;][vc_column column_padding=&#8221;no-extra-padding&#8221; column_padding_position=&#8221;all&#8221; background_color_opacity=&#8221;1&#8243; background_hover_color_opacity=&#8221;1&#8243; column_link_target=&#8221;_self&#8221; column_shadow=&#8221;none&#8221; column_border_radius=&#8221;none&#8221; width=&#8221;1\/1&#8243; tablet_width_inherit=&#8221;default&#8221; tablet_text_alignment=&#8221;default&#8221; phone_text_alignment=&#8221;default&#8221; overlay_strength=&#8221;0.3&#8243; column_border_width=&#8221;none&#8221; column_border_style=&#8221;solid&#8221; bg_image_animation=&#8221;none&#8221;][divider line_type=&#8221;No Line&#8221; custom_height=&#8221;20&#8243;][vc_row_inner content_placement=&#8221;middle&#8221; column_margin=&#8221;default&#8221; top_padding=&#8221;5%&#8221; text_align=&#8221;left&#8221;][vc_column_inner column_padding=&#8221;no-extra-padding&#8221; column_padding_position=&#8221;all&#8221; background_color_opacity=&#8221;1&#8243; background_hover_color_opacity=&#8221;1&#8243; column_shadow=&#8221;none&#8221; column_border_radius=&#8221;none&#8221; column_link_target=&#8221;_self&#8221; width=&#8221;1\/2&#8243; tablet_width_inherit=&#8221;default&#8221; overlay_strength=&#8221;0.3&#8243; column_border_width=&#8221;none&#8221; column_border_style=&#8221;solid&#8221; bg_image_animation=&#8221;none&#8221;][vc_column_text]\n<h1>Le damos la<br \/>\nbienvenida al<br \/>\n<strong>\u00c1rea de Profesionales sanitarios<\/strong><\/h1>\n[\/vc_column_text][\/vc_column_inner][vc_column_inner column_padding=&#8221;no-extra-padding&#8221; column_padding_position=&#8221;all&#8221; background_color_opacity=&#8221;1&#8243; background_hover_color_opacity=&#8221;1&#8243; column_shadow=&#8221;none&#8221; column_border_radius=&#8221;none&#8221; column_link_target=&#8221;_self&#8221; width=&#8221;1\/2&#8243; tablet_width_inherit=&#8221;default&#8221; overlay_strength=&#8221;0.3&#8243; column_border_width=&#8221;none&#8221; column_border_style=&#8221;solid&#8221; bg_image_animation=&#8221;none&#8221;][image_with_animation image_url=&#8221;116&#8243; alignment=&#8221;&#8221; animation=&#8221;Fade In From Right&#8221; hover_animation=&#8221;none&#8221; border_radius=&#8221;none&#8221; box_shadow=&#8221;none&#8221; image_loading=&#8221;default&#8221; max_width=&#8221;100%&#8221; max_width_mobile=&#8221;default&#8221; delay=&#8221;250&#8243; el_class=&#8221;hcp-header&#8221;][\/vc_column_inner][\/vc_row_inner][\/vc_column][\/vc_row][vc_row type=&#8221;in_container&#8221; full_screen_row_position=&#8221;middle&#8221; column_margin=&#8221;default&#8221; scene_position=&#8221;center&#8221; text_color=&#8221;dark&#8221; text_align=&#8221;left&#8221; top_padding=&#8221;10%&#8221; class=&#8221;hcp-intro&#8221; id=&#8221;hcp-intro&#8221; overlay_strength=&#8221;0.3&#8243; shape_divider_position=&#8221;bottom&#8221; bg_image_animation=&#8221;none&#8221; shape_type=&#8221;&#8221;][vc_column column_padding=&#8221;no-extra-padding&#8221; column_padding_position=&#8221;all&#8221; background_color_opacity=&#8221;1&#8243; background_hover_color_opacity=&#8221;1&#8243; column_link_target=&#8221;_self&#8221; column_shadow=&#8221;none&#8221; column_border_radius=&#8221;none&#8221; width=&#8221;2\/3&#8243; tablet_width_inherit=&#8221;default&#8221; tablet_text_alignment=&#8221;default&#8221; phone_text_alignment=&#8221;default&#8221; overlay_strength=&#8221;0.3&#8243; column_border_width=&#8221;none&#8221; column_border_style=&#8221;solid&#8221; bg_image_animation=&#8221;none&#8221;][vc_column_text]\n<h2>Capricare<sup>\u00ae<\/sup> de Dairy Goat Co-operative.<\/h2>\n[\/vc_column_text][vc_column_text max_width=&#8221;875&#8243;]Pioneros en nutrici\u00f3n infantil a base de f\u00f3rmulas elaboradas con leche de cabra.<br \/>\nM\u00e1s de 30 a\u00f1os alimentando a lactantes en todo el mundo.[\/vc_column_text][\/vc_column][vc_column column_padding=&#8221;no-extra-padding&#8221; column_padding_position=&#8221;all&#8221; background_color_opacity=&#8221;1&#8243; background_hover_color_opacity=&#8221;1&#8243; column_link_target=&#8221;_self&#8221; column_shadow=&#8221;none&#8221; column_border_radius=&#8221;none&#8221; width=&#8221;1\/3&#8243; tablet_width_inherit=&#8221;default&#8221; tablet_text_alignment=&#8221;default&#8221; phone_text_alignment=&#8221;default&#8221; overlay_strength=&#8221;0.3&#8243; column_border_width=&#8221;none&#8221; column_border_style=&#8221;solid&#8221; bg_image_animation=&#8221;none&#8221;][\/vc_column][\/vc_row][vc_row type=&#8221;in_container&#8221; full_screen_row_position=&#8221;middle&#8221; column_margin=&#8221;default&#8221; scene_position=&#8221;center&#8221; text_color=&#8221;dark&#8221; text_align=&#8221;left&#8221; class=&#8221;hcp-steps&#8221; id=&#8221;hcp-steps&#8221; overlay_strength=&#8221;0.3&#8243; shape_divider_position=&#8221;bottom&#8221; bg_image_animation=&#8221;none&#8221; shape_type=&#8221;&#8221;][vc_column column_padding=&#8221;no-extra-padding&#8221; column_padding_position=&#8221;all&#8221; background_color_opacity=&#8221;1&#8243; background_hover_color_opacity=&#8221;1&#8243; column_link_target=&#8221;_self&#8221; column_shadow=&#8221;none&#8221; column_border_radius=&#8221;none&#8221; width=&#8221;1\/2&#8243; tablet_width_inherit=&#8221;default&#8221; tablet_text_alignment=&#8221;default&#8221; phone_text_alignment=&#8221;default&#8221; overlay_strength=&#8221;0.3&#8243; column_border_width=&#8221;none&#8221; column_border_style=&#8221;solid&#8221; bg_image_animation=&#8221;none&#8221;][vc_column_text]<span class=\"step-num\">1<\/span><br \/>\n<span class=\"step-text\"><strong>F\u00e1cil de digerir<\/strong><br \/>\nNuestros estudios han demostrado que Capricare<sup>\u00ae<\/sup> forma un cuajo menos tenso y m\u00e1s suave en el est\u00f3mago, lo que favorece el vaciado g\u00e1strico. Este tipo de cuajo permite que las enzimas g\u00e1stricas accedan de forma m\u00e1s sencilla a las prote\u00ednas, facilitando su digesti\u00f3n.<\/span>[\/vc_column_text][nectar_btn size=&#8221;medium&#8221; button_style=&#8221;regular&#8221; button_color_2=&#8221;Accent-Color&#8221; icon_family=&#8221;none&#8221; el_class=&#8221;process-butt&#8221; url=&#8221;\/hcp\/informacion-cientifica&#8221; text=&#8221;M\u00c1S INFORMACI\u00d3N CIENT\u00cdFICA&#8221;][\/vc_column][vc_column column_padding=&#8221;no-extra-padding&#8221; column_padding_position=&#8221;all&#8221; background_color_opacity=&#8221;1&#8243; background_hover_color_opacity=&#8221;1&#8243; column_link_target=&#8221;_self&#8221; column_shadow=&#8221;none&#8221; column_border_radius=&#8221;none&#8221; width=&#8221;1\/2&#8243; tablet_width_inherit=&#8221;default&#8221; tablet_text_alignment=&#8221;default&#8221; phone_text_alignment=&#8221;default&#8221; overlay_strength=&#8221;0.3&#8243; column_border_width=&#8221;none&#8221; column_border_style=&#8221;solid&#8221; bg_image_animation=&#8221;none&#8221;][vc_column_text]<span class=\"step-num\">2<\/span><br \/>\n<span class=\"step-text\"><strong>Elaborada con leche entera <\/strong><br \/>\nCapricare<sup>\u00ae<\/sup> conserva las propiedades naturales de la grasa l\u00e1ctea, uno de los nutrientes esenciales, asemej\u00e1ndose a las propiedades de la grasa de la leche materna. Por tanto, nuestras f\u00f3rmulas contienen de manera natural la membrana del gl\u00f3bulo graso de la leche y \u00e1cido palm\u00edtico en la posici\u00f3n sn-2 en mayor cantidad.<\/span>[\/vc_column_text][nectar_btn size=&#8221;medium&#8221; button_style=&#8221;regular&#8221; button_color_2=&#8221;Accent-Color&#8221; icon_family=&#8221;none&#8221; el_class=&#8221;process-butt&#8221; url=&#8221;\/hcp\/nuestra-elaboracion&#8221; text=&#8221;M\u00c1S INFORMACI\u00d3N SOBRE LA ELABORACI\u00d3N&#8221;][\/vc_column][\/vc_row][vc_row type=&#8221;full_width_background&#8221; full_screen_row_position=&#8221;middle&#8221; column_margin=&#8221;default&#8221; scene_position=&#8221;center&#8221; text_color=&#8221;dark&#8221; text_align=&#8221;left&#8221; class=&#8221;science&#8221; id=&#8221;science&#8221; overlay_strength=&#8221;0.3&#8243; shape_divider_position=&#8221;bottom&#8221; bg_image_animation=&#8221;none&#8221; shape_type=&#8221;&#8221;][vc_column column_padding=&#8221;no-extra-padding&#8221; column_padding_position=&#8221;all&#8221; background_color_opacity=&#8221;1&#8243; background_hover_color_opacity=&#8221;1&#8243; column_link_target=&#8221;_self&#8221; column_shadow=&#8221;none&#8221; column_border_radius=&#8221;none&#8221; width=&#8221;1\/1&#8243; tablet_width_inherit=&#8221;default&#8221; tablet_text_alignment=&#8221;default&#8221; phone_text_alignment=&#8221;default&#8221; overlay_strength=&#8221;0.3&#8243; column_border_width=&#8221;none&#8221; column_border_style=&#8221;solid&#8221; bg_image_animation=&#8221;none&#8221;][vc_row_inner column_margin=&#8221;default&#8221; text_align=&#8221;left&#8221; class=&#8221;foot-text&#8221;][vc_column_inner column_padding=&#8221;no-extra-padding&#8221; column_padding_position=&#8221;all&#8221; background_color_opacity=&#8221;1&#8243; background_hover_color_opacity=&#8221;1&#8243; column_shadow=&#8221;none&#8221; column_border_radius=&#8221;none&#8221; column_link_target=&#8221;_self&#8221; width=&#8221;1\/2&#8243; tablet_width_inherit=&#8221;default&#8221; overlay_strength=&#8221;0.3&#8243; column_border_width=&#8221;none&#8221; column_border_style=&#8221;solid&#8221; bg_image_animation=&#8221;none&#8221;][image_with_animation image_url=&#8221;118&#8243; alignment=&#8221;&#8221; animation=&#8221;Fade In&#8221; hover_animation=&#8221;none&#8221; border_radius=&#8221;none&#8221; box_shadow=&#8221;none&#8221; image_loading=&#8221;default&#8221; max_width=&#8221;100%&#8221; max_width_mobile=&#8221;default&#8221; delay=&#8221;200&#8243; el_class=&#8221;hcp-baby&#8221;][\/vc_column_inner][vc_column_inner column_padding=&#8221;no-extra-padding&#8221; column_padding_position=&#8221;all&#8221; background_color_opacity=&#8221;1&#8243; background_hover_color_opacity=&#8221;1&#8243; column_shadow=&#8221;none&#8221; column_border_radius=&#8221;none&#8221; column_link_target=&#8221;_self&#8221; width=&#8221;1\/2&#8243; tablet_width_inherit=&#8221;default&#8221; overlay_strength=&#8221;0.3&#8243; column_border_width=&#8221;none&#8221; column_border_style=&#8221;solid&#8221; bg_image_animation=&#8221;none&#8221;][vc_column_text el_class=&#8221;science-content&#8221;]\n<h3>Las f\u00f3rmulas a base de leche de cabra m\u00e1s acreditadas cient\u00edficamente<\/h3>\n<p>Las f\u00f3rmulas de Capricare<sup>\u00ae<\/sup>\u00a0son el resultado de m\u00e1s de 20 a\u00f1os de investigaci\u00f3n incluyendo diversos ensayos cl\u00ednicos.[\/vc_column_text][nectar_btn size=&#8221;medium&#8221; button_style=&#8221;regular&#8221; button_color_2=&#8221;Accent-Color&#8221; icon_family=&#8221;none&#8221; url=&#8221;\/hcp\/nuestras-publicaciones&#8221; text=&#8221;CONSULTE NUESTRAS PUBLICACIONES&#8221;][\/vc_column_inner][\/vc_row_inner][\/vc_column][\/vc_row]\n","protected":false},"excerpt":{"rendered":"<p>[vc_row type=&#8221;full_width_background&#8221; full_screen_row_position=&#8221;middle&#8221; equal_height=&#8221;yes&#8221; content_placement=&#8221;middle&#8221; column_margin=&#8221;default&#8221; scene_position=&#8221;center&#8221; text_color=&#8221;dark&#8221; text_align=&#8221;left&#8221; id=&#8221;hcp-home&#8221; overlay_strength=&#8221;0.3&#8243; shape_divider_position=&#8221;bottom&#8221; bg_image_animation=&#8221;none&#8221; shape_type=&#8221;&#8221;][vc_column column_padding=&#8221;no-extra-padding&#8221; column_padding_position=&#8221;all&#8221; background_color_opacity=&#8221;1&#8243; background_hover_color_opacity=&#8221;1&#8243; column_link_target=&#8221;_self&#8221; column_shadow=&#8221;none&#8221; column_border_radius=&#8221;none&#8221; width=&#8221;1\/1&#8243; tablet_width_inherit=&#8221;default&#8221; tablet_text_alignment=&#8221;default&#8221; phone_text_alignment=&#8221;default&#8221; overlay_strength=&#8221;0.3&#8243; column_border_width=&#8221;none&#8221; column_border_style=&#8221;solid&#8221; bg_image_animation=&#8221;none&#8221;][divider line_type=&#8221;No&#8230;<\/p>\n","protected":false},"author":1,"featured_media":0,"parent":0,"menu_order":0,"comment_status":"closed","ping_status":"closed","template":"","meta":[],"yoast_head":"<!-- This site is optimized with the Yoast SEO plugin v21.1 - https:\/\/yoast.com\/wordpress\/plugins\/seo\/ -->\n<title>Profesionales Sanitarios - Capricare Spain HCP<\/title>\n<meta name=\"description\" content=\"Si es usted un profesional de la salud, puede obtener m\u00e1s informaci\u00f3n sobre los estudios cient\u00edficos e investigaciones de Capricare en nuestro portal dedicado a los profesionales sanitarios. Este apartado est\u00e1 especialmente dise\u00f1ado para proporcionar al sector profesional recursos y material informativo sobre las f\u00f3rmulas de leche de cabra.\" \/>\n<meta name=\"robots\" content=\"index, follow, max-snippet:-1, max-image-preview:large, max-video-preview:-1\" \/>\n<link rel=\"canonical\" href=\"https:\/\/www.capricare.es\/hcp\/\" \/>\n<meta property=\"og:locale\" content=\"en_US\" \/>\n<meta property=\"og:type\" content=\"article\" \/>\n<meta property=\"og:title\" content=\"Profesionales Sanitarios - Capricare Spain HCP\" \/>\n<meta property=\"og:description\" content=\"Si es usted un profesional de la salud, puede obtener m\u00e1s informaci\u00f3n sobre los estudios cient\u00edficos e investigaciones de Capricare en nuestro portal dedicado a los profesionales sanitarios. Este apartado est\u00e1 especialmente dise\u00f1ado para proporcionar al sector profesional recursos y material informativo sobre las f\u00f3rmulas de leche de cabra.\" \/>\n<meta property=\"og:url\" content=\"https:\/\/www.capricare.es\/hcp\/\" \/>\n<meta property=\"og:site_name\" content=\"Capricare Spain HCP\" \/>\n<meta property=\"article:modified_time\" content=\"2020-10-16T19:07:06+00:00\" \/>\n<meta name=\"twitter:card\" content=\"summary_large_image\" \/>\n<meta name=\"twitter:label1\" content=\"Est. reading time\" \/>\n\t<meta name=\"twitter:data1\" content=\"6 minutes\" \/>\n<script type=\"application\/ld+json\" class=\"yoast-schema-graph\">{\"@context\":\"https:\/\/schema.org\",\"@graph\":[{\"@type\":\"WebPage\",\"@id\":\"https:\/\/www.capricare.es\/hcp\/\",\"url\":\"https:\/\/www.capricare.es\/hcp\/\",\"name\":\"Profesionales Sanitarios - Capricare Spain HCP\",\"isPartOf\":{\"@id\":\"https:\/\/www.capricare.es\/hcp\/#website\"},\"datePublished\":\"2019-12-20T20:58:06+00:00\",\"dateModified\":\"2020-10-16T19:07:06+00:00\",\"description\":\"Si es usted un profesional de la salud, puede obtener m\u00e1s informaci\u00f3n sobre los estudios cient\u00edficos e investigaciones de Capricare en nuestro portal dedicado a los profesionales sanitarios. Este apartado est\u00e1 especialmente dise\u00f1ado para proporcionar al sector profesional recursos y material informativo sobre las f\u00f3rmulas de leche de cabra.\",\"breadcrumb\":{\"@id\":\"https:\/\/www.capricare.es\/hcp\/#breadcrumb\"},\"inLanguage\":\"en-NZ\",\"potentialAction\":[{\"@type\":\"ReadAction\",\"target\":[\"https:\/\/www.capricare.es\/hcp\/\"]}]},{\"@type\":\"BreadcrumbList\",\"@id\":\"https:\/\/www.capricare.es\/hcp\/#breadcrumb\",\"itemListElement\":[{\"@type\":\"ListItem\",\"position\":1,\"name\":\"Home\",\"item\":\"https:\/\/www.capricare.es\/hcp\/\"},{\"@type\":\"ListItem\",\"position\":2,\"name\":\"Profesionales Sanitarios\"}]},{\"@type\":\"WebSite\",\"@id\":\"https:\/\/www.capricare.es\/hcp\/#website\",\"url\":\"https:\/\/www.capricare.es\/hcp\/\",\"name\":\"Capricare Spain HCP\",\"description\":\"\",\"potentialAction\":[{\"@type\":\"SearchAction\",\"target\":{\"@type\":\"EntryPoint\",\"urlTemplate\":\"https:\/\/www.capricare.es\/hcp\/?s={search_term_string}\"},\"query-input\":\"required name=search_term_string\"}],\"inLanguage\":\"en-NZ\"}]}<\/script>\n<!-- \/ Yoast SEO plugin. -->","yoast_head_json":{"title":"Profesionales Sanitarios - Capricare Spain HCP","description":"Si es usted un profesional de la salud, puede obtener m\u00e1s informaci\u00f3n sobre los estudios cient\u00edficos e investigaciones de Capricare en nuestro portal dedicado a los profesionales sanitarios. Este apartado est\u00e1 especialmente dise\u00f1ado para proporcionar al sector profesional recursos y material informativo sobre las f\u00f3rmulas de leche de cabra.","robots":{"index":"index","follow":"follow","max-snippet":"max-snippet:-1","max-image-preview":"max-image-preview:large","max-video-preview":"max-video-preview:-1"},"canonical":"https:\/\/www.capricare.es\/hcp\/","og_locale":"en_US","og_type":"article","og_title":"Profesionales Sanitarios - Capricare Spain HCP","og_description":"Si es usted un profesional de la salud, puede obtener m\u00e1s informaci\u00f3n sobre los estudios cient\u00edficos e investigaciones de Capricare en nuestro portal dedicado a los profesionales sanitarios. Este apartado est\u00e1 especialmente dise\u00f1ado para proporcionar al sector profesional recursos y material informativo sobre las f\u00f3rmulas de leche de cabra.","og_url":"https:\/\/www.capricare.es\/hcp\/","og_site_name":"Capricare Spain HCP","article_modified_time":"2020-10-16T19:07:06+00:00","twitter_card":"summary_large_image","twitter_misc":{"Est. reading time":"6 minutes"},"schema":{"@context":"https:\/\/schema.org","@graph":[{"@type":"WebPage","@id":"https:\/\/www.capricare.es\/hcp\/","url":"https:\/\/www.capricare.es\/hcp\/","name":"Profesionales Sanitarios - Capricare Spain HCP","isPartOf":{"@id":"https:\/\/www.capricare.es\/hcp\/#website"},"datePublished":"2019-12-20T20:58:06+00:00","dateModified":"2020-10-16T19:07:06+00:00","description":"Si es usted un profesional de la salud, puede obtener m\u00e1s informaci\u00f3n sobre los estudios cient\u00edficos e investigaciones de Capricare en nuestro portal dedicado a los profesionales sanitarios. Este apartado est\u00e1 especialmente dise\u00f1ado para proporcionar al sector profesional recursos y material informativo sobre las f\u00f3rmulas de leche de cabra.","breadcrumb":{"@id":"https:\/\/www.capricare.es\/hcp\/#breadcrumb"},"inLanguage":"en-NZ","potentialAction":[{"@type":"ReadAction","target":["https:\/\/www.capricare.es\/hcp\/"]}]},{"@type":"BreadcrumbList","@id":"https:\/\/www.capricare.es\/hcp\/#breadcrumb","itemListElement":[{"@type":"ListItem","position":1,"name":"Home","item":"https:\/\/www.capricare.es\/hcp\/"},{"@type":"ListItem","position":2,"name":"Profesionales Sanitarios"}]},{"@type":"WebSite","@id":"https:\/\/www.capricare.es\/hcp\/#website","url":"https:\/\/www.capricare.es\/hcp\/","name":"Capricare Spain HCP","description":"","potentialAction":[{"@type":"SearchAction","target":{"@type":"EntryPoint","urlTemplate":"https:\/\/www.capricare.es\/hcp\/?s={search_term_string}"},"query-input":"required name=search_term_string"}],"inLanguage":"en-NZ"}]}},"_links":{"self":[{"href":"https:\/\/www.capricare.es\/hcp\/wp-json\/wp\/v2\/pages\/4"}],"collection":[{"href":"https:\/\/www.capricare.es\/hcp\/wp-json\/wp\/v2\/pages"}],"about":[{"href":"https:\/\/www.capricare.es\/hcp\/wp-json\/wp\/v2\/types\/page"}],"author":[{"embeddable":true,"href":"https:\/\/www.capricare.es\/hcp\/wp-json\/wp\/v2\/users\/1"}],"replies":[{"embeddable":true,"href":"https:\/\/www.capricare.es\/hcp\/wp-json\/wp\/v2\/comments?post=4"}],"version-history":[{"count":63,"href":"https:\/\/www.capricare.es\/hcp\/wp-json\/wp\/v2\/pages\/4\/revisions"}],"predecessor-version":[{"id":1132,"href":"https:\/\/www.capricare.es\/hcp\/wp-json\/wp\/v2\/pages\/4\/revisions\/1132"}],"wp:attachment":[{"href":"https:\/\/www.capricare.es\/hcp\/wp-json\/wp\/v2\/media?parent=4"}],"curies":[{"name":"wp","href":"https:\/\/api.w.org\/{rel}","templated":true}]}}