{"id":29,"date":"2019-12-20T21:27:02","date_gmt":"2019-12-20T21:27:02","guid":{"rendered":"https:\/\/www.capricare.eu\/-hcp\/?page_id=29"},"modified":"2020-04-14T02:40:59","modified_gmt":"2020-04-14T02:40:59","slug":"politica-de-privacidad","status":"publish","type":"page","link":"https:\/\/www.capricare.es\/hcp\/politica-de-privacidad\/","title":{"rendered":"Pol\u00edtica de privacidad"},"content":{"rendered":"[vc_row type=&#8221;full_width_content&#8221; full_screen_row_position=&#8221;middle&#8221; column_margin=&#8221;default&#8221; bg_color=&#8221;#e4f2e2&#8243; scene_position=&#8221;center&#8221; text_color=&#8221;dark&#8221; text_align=&#8221;left&#8221; id=&#8221;bread-note&#8221; overlay_strength=&#8221;0.3&#8243; shape_divider_position=&#8221;bottom&#8221; bg_image_animation=&#8221;none&#8221; shape_type=&#8221;&#8221;][vc_column column_padding=&#8221;no-extra-padding&#8221; column_padding_position=&#8221;all&#8221; background_color_opacity=&#8221;1&#8243; background_hover_color_opacity=&#8221;1&#8243; column_link_target=&#8221;_self&#8221; column_shadow=&#8221;none&#8221; column_border_radius=&#8221;none&#8221; width=&#8221;1\/1&#8243; tablet_width_inherit=&#8221;default&#8221; tablet_text_alignment=&#8221;default&#8221; phone_text_alignment=&#8221;default&#8221; overlay_strength=&#8221;0.3&#8243; column_border_width=&#8221;none&#8221; column_border_style=&#8221;solid&#8221; bg_image_animation=&#8221;none&#8221;][divider line_type=&#8221;No Line&#8221; custom_height=&#8221;20&#8243;][vc_column_text el_class=&#8221;note&#8221;]\n<h1>Pol\u00edtica de privacidad<\/h1>\n[\/vc_column_text][\/vc_column][\/vc_row][vc_row type=&#8221;full_width_background&#8221; full_screen_row_position=&#8221;middle&#8221; column_margin=&#8221;default&#8221; bg_color=&#8221;#e4f2e2&#8243; scene_position=&#8221;center&#8221; text_color=&#8221;dark&#8221; text_align=&#8221;left&#8221; top_padding=&#8221;80&#8243; class=&#8221;cc-terms&#8221; overlay_strength=&#8221;0.3&#8243; shape_divider_position=&#8221;bottom&#8221; bg_image_animation=&#8221;none&#8221; shape_type=&#8221;&#8221;][vc_column column_padding=&#8221;no-extra-padding&#8221; column_padding_position=&#8221;all&#8221; background_color_opacity=&#8221;1&#8243; background_hover_color_opacity=&#8221;1&#8243; column_link_target=&#8221;_self&#8221; column_shadow=&#8221;none&#8221; column_border_radius=&#8221;none&#8221; width=&#8221;1\/1&#8243; tablet_width_inherit=&#8221;default&#8221; tablet_text_alignment=&#8221;default&#8221; phone_text_alignment=&#8221;default&#8221; overlay_strength=&#8221;0.3&#8243; column_border_width=&#8221;none&#8221; column_border_style=&#8221;solid&#8221; bg_image_animation=&#8221;none&#8221;][divider line_type=&#8221;No Line&#8221; custom_height=&#8221;40&#8243;][vc_column_text]Capricare<sup>\u00ae<\/sup> es una marca registrada propiedad de Dairy Goat Co-operative (N.Z.) Limited. Dairy Goat Co-operative, compa\u00f1\u00eda registrada en Nueva Zelanda con el n\u00famero de registro 421398 y domicilio en 18 Gallagher Drive, Hamilton, Nueva Zelanda, se compromete a proteger y respetar su privacidad.<\/p>\n<p>Esta pol\u00edtica de privacidad establece la base sobre la cual procesaremos cualquier informaci\u00f3n personal que recopilemos de usted o que usted nos proporcione. Lea atentamente la siguiente informaci\u00f3n para comprender nuestras pr\u00e1cticas con respecto a sus datos personales y c\u00f3mo los trataremos.<\/p>\n<p>Bebe Innova SL. tiene los derechos exclusivos de distribuci\u00f3n de Capricare en Espa\u00f1a.<\/p>\n<p>A los efectos del cumplimiento de las leyes de protecci\u00f3n de datos en Europa, el controlador de dichos datos es Bebe Innova SL.<\/p>\n<p><strong>Bases para el procesamiento de datos personales.<\/strong><br \/>\nEn esta secci\u00f3n explicamos c\u00f3mo y por qu\u00e9 procesamos sus datos personales, as\u00ed como la base legal sobre la que llevamos a cabo este procesamiento.<\/p>\n<p>Para poder ayudarle con las consultas de servicio al cliente (relacionadas con nuestros productos y\/o alimentaci\u00f3n del beb\u00e9): Cuando nos solicite informaci\u00f3n sobre nuestros productos y\/o el uso de los mismos, procesaremos sus datos personales para proporcionar esta informaci\u00f3n y consejos adicionales si fuera necesario. El uso de datos personales que realizamos en estos casos incluye, en particular, el registro de cualquier informaci\u00f3n de contacto y los detalles que nos proporciona. Estos datos se almacenan en servidores seguros. Necesitamos procesar sus datos personales de esta forma para poder responder de manera efectiva y precisa a su consulta.<\/p>\n<p>Si no desea proporcionarnos sus datos personales de esta manera, no podremos proporcionarle la informaci\u00f3n o asistencia solicitada.<\/p>\n<p>La base legal sobre la cual procesamos sus datos personales es leg\u00edtima y con el inter\u00e9s de brindarle el mejor servicio de atenci\u00f3n al cliente posible.<\/p>\n<p>No tiene la obligaci\u00f3n de proporcionarnos sus datos personales y puede retirar su consentimiento para que sus datos personales se procesen de esta manera en cualquier momento poni\u00e9ndose en contacto con nosotros en <a href=\"mailto:capricare@bebeinnova.com\">capricare@bebeinnova.com<\/a>. Si decide retirar su consentimiento, esto no significar\u00eda en modo alguno que nuestro procesamiento de sus datos, antes de retirar su consentimiento, fuera ilegal.<\/p>\n<p><strong>\u00bfQue tipo de informaci\u00f3n se recopila?<\/strong><br \/>\nRecopilaremos y procesaremos los siguientes datos sobre usted:<br \/>\nInformaci\u00f3n que usted proporciona. Esta es informaci\u00f3n que usted mismo nos proporciona al completar un formulario de contacto en nuestro sitio web <a href=\"https:\/\/www.capricare.es\/\">www.capricare.es<\/a> o al comunicarse con nosotros por tel\u00e9fono, correo electr\u00f3nico o de otra manera. La informaci\u00f3n que nos proporciona puede incluir su nombre, direcci\u00f3n, direcci\u00f3n de correo electr\u00f3nico, n\u00famero de tel\u00e9fono y otra informaci\u00f3n relacionada con usted y su beb\u00e9.<\/p>\n<p><strong>Usos de la informaci\u00f3n<\/strong><br \/>\nUtilizaremos la informaci\u00f3n que nos proporcione para los fines establecidos anteriormente.<\/p>\n<p><strong>\u00bfD\u00f3nde almacenamos sus datos personales?<\/strong><br \/>\nToda la informaci\u00f3n que nos proporciona se almacena en servidores seguros. Para evitar el acceso o divulgaci\u00f3n no autorizados, hemos implementado procedimientos f\u00edsicos, electr\u00f3nicos y administrativos adecuados para salvaguardar y asegurar la informaci\u00f3n que recopilamos.<\/p>\n<p><strong>Perido de almacenamiento<\/strong><br \/>\nConservaremos sus datos indefinidamente despu\u00e9s de la fecha en que nos proporcion\u00f3 la informaci\u00f3n para asegurarnos de que podamos ayudarlo si tiene m\u00e1s preguntas, comentarios o necesita asistencia adicional en relaci\u00f3n con nuestros productos.<\/p>\n<p>Los usuarios pueden ejercer sus derechos de acceso, rectificaci\u00f3n, eliminaci\u00f3n, portabilidad y limitaci\u00f3n u oposici\u00f3n por correo postal con el tema &#8220;Protecci\u00f3n de datos&#8221;, a la direcci\u00f3n: C \/ Dr. Gonz\u00e1lez de la Cotera, 9. 11,500. El Puerto de Santa Mar\u00eda. C\u00e1diz, indicando claramente los datos de contacto y enviando una copia de su documento de identidad o enviando una solicitud por correo electr\u00f3nico con el asunto &#8220;Ejercicio de derechos&#8221;, a info@bebeinnova.com, desde la misma cuenta de correo electr\u00f3nico que proporcion\u00f3. Los usuarios tienen derecho a retirar el consentimiento otorgado y tienen derecho a reclamar ante la Autoridad de Control (Agencia Espa\u00f1ola de Protecci\u00f3n de Datos <a href=\"https:\/\/www.aepd.es\/\" target=\"_blank\" rel=\"noopener noreferrer\">www.agpd.es<\/a>).<\/p>\n<p><strong>\u00bfQui\u00e9nes son los destinatarios de sus datos personales fuera de of Bebe Innova SL.?<\/strong><br \/>\nPodemos divulgar su informaci\u00f3n a terceros siempre con su consentimiento<\/p>\n<p>Sus derechos seg\u00fan las leyes de protecci\u00f3n de datos son:<\/p>\n<p><u>Derecho a objetar<\/u><br \/>\nTiene derecho a oponerse a que procesemos sus datos personales cuando los procesemos en funci\u00f3n de nuestros intereses leg\u00edtimos (como se establece anteriormente). Si nos solicita que dejemos de procesar sus datos personales sobre esta base, dejaremos de hacerlo a menos que podamos demostrar motivos convincentes de por qu\u00e9 el procesamiento debe continuar de acuerdo con las leyes de protecci\u00f3n de datos.<\/p>\n<p><u>Derechos de acceso<\/u><br \/>\nTiene derecho a recibir confirmaci\u00f3n sobre si sus datos personales est\u00e1n siendo procesados por nosotros, as\u00ed como otra informaci\u00f3n relacionada con el uso de los mismos. Tambi\u00e9n tiene derecho a acceder a sus datos personales que estamos procesando.<\/p>\n<p><u>Derecho de rectificaci\u00f3n<\/u><br \/>\nTiene derecho a recibir confirmaci\u00f3n sobre si sus datos personales est\u00e1n siendo procesados por nosotros, as\u00ed como otra informaci\u00f3n relacionada con nuestro uso de sus datos.Tambi\u00e9n tiene derecho a acceder y conocer cuales son sus datos personales que estamos procesando.<\/p>\n<p><u>Derecho de restricci\u00f3n<\/u><br \/>\nUsted tiene derecho a restringir el procesamiento que realizamos de sus datos personales en el caso de que: usted cuestione la precisi\u00f3n de los datos personales; el procesamiento de sus datos personales por nuestra parte sea ilegal, pero no desea que se borren los datos; ya no necesitamos procesar sus datos para los fines acordados, pero desea conservarlos para el establecimiento, ejercicio o defensa de reclaciones legales; o estamos procesando sus datos sobre la base de nuestro inter\u00e9s leg\u00edtimo (como se establece anteriormente) y usted:<\/p>\n<p>&#8211; objeta nuestro procesamiento sobre esta base;<br \/>\n&#8211; desea que se limite el procesamiento de sus datos personales hasta que se pueda determinar si nuestro inter\u00e9s leg\u00edtimo anula el suyo.<\/p>\n<p>Cuando cualquier ejercicio por su parte de su derecho a la restricci\u00f3n determine que nuestro procesamiento de datos personales debe ser restringido, solo procesaremos los datos de acuerdo con su consentimiento y, adem\u00e1s, para fines de almacenamiento y\/o de reclamaciones legales.<\/p>\n<p><u>Derecho de eliminaci\u00f3n<\/u><br \/>\nTiene derecho a solicitar que borremos sus datos personales que estamos procesando cuando se aplique al menos uno de los siguientes motivos: el procesamiento ya no es necesario en relaci\u00f3n con los fines para los cuales se recopilaron o procesaron sus datos personales; nuestro procesamiento de sus datos personales se basa en su consentimiento, posteriormente ha retirado su consentimiento y no hay otra base legal que podamos usar para procesar sus datos personales; usted se opone al procesamiento como se establece en la secci\u00f3n de &#8220;derecho a objetar&#8221; de esta pol\u00edtica y no tenemos un inter\u00e9s leg\u00edtimo primordial para nuestro procesamiento; los datos personales han sido procesados ilegalmente; y la eliminaci\u00f3n es necesaria para cumplir con una ley a la que estamos sujetos.<\/p>\n<p>Si bien le agradecer\u00edamos que presentara alguna queja ante nosotros, tambi\u00e9n tiene derecho a presentar una queja ante la Autoridad de Control (Agencia Espa\u00f1ola de Protecci\u00f3n de Datos <a href=\"https:\/\/www.aepd.es\/es\" target=\"_blank\" rel=\"noopener noreferrer\">www.agpd.es<\/a>).<\/p>\n<p><u>Ejercer sus derechos<\/u><br \/>\nPuede ejercer dichos derechos poni\u00e9ndose en contacto con nosotros en <a href=\"mailto:capricare@bebeinnova.com\">capricare@bebeinnova.com<\/a><\/p>\n<p><strong>Cambios en nuestra pol\u00edtica de privacidad.<\/strong><br \/>\nCualquier cambio que hagamos en nuestra pol\u00edtica de privacidad en el futuro se publicar\u00e1 en esta p\u00e1gina. Vuelva a consultar con frecuencia para ver actualizaciones o cambios en nuestra pol\u00edtica de privacidad.<\/p>\n<p><strong>Contacto<\/strong><br \/>\nLas preguntas, comentarios y solicitudes con respecto a esta pol\u00edtica de privacidad deben dirigirse a <a href=\"mailto:capricare@bebeinnova.com\">capricare@bebeinnova.com<\/a><\/p>\n<p>Esta pol\u00edtica de privacidad se actualiz\u00f3 por \u00faltima vez el 16 de marzo de 2020.[\/vc_column_text][divider line_type=&#8221;No Line&#8221; custom_height=&#8221;80&#8243;][\/vc_column][\/vc_row]\n","protected":false},"excerpt":{"rendered":"<p>[vc_row type=&#8221;full_width_content&#8221; full_screen_row_position=&#8221;middle&#8221; column_margin=&#8221;default&#8221; bg_color=&#8221;#e4f2e2&#8243; scene_position=&#8221;center&#8221; text_color=&#8221;dark&#8221; text_align=&#8221;left&#8221; id=&#8221;bread-note&#8221; overlay_strength=&#8221;0.3&#8243; shape_divider_position=&#8221;bottom&#8221; bg_image_animation=&#8221;none&#8221; shape_type=&#8221;&#8221;][vc_column column_padding=&#8221;no-extra-padding&#8221; column_padding_position=&#8221;all&#8221; background_color_opacity=&#8221;1&#8243; background_hover_color_opacity=&#8221;1&#8243; column_link_target=&#8221;_self&#8221; column_shadow=&#8221;none&#8221; column_border_radius=&#8221;none&#8221; width=&#8221;1\/1&#8243; tablet_width_inherit=&#8221;default&#8221; tablet_text_alignment=&#8221;default&#8221; phone_text_alignment=&#8221;default&#8221; overlay_strength=&#8221;0.3&#8243; column_border_width=&#8221;none&#8221; column_border_style=&#8221;solid&#8221; bg_image_animation=&#8221;none&#8221;][divider line_type=&#8221;No Line&#8221;&#8230;<\/p>\n","protected":false},"author":1,"featured_media":0,"parent":0,"menu_order":0,"comment_status":"closed","ping_status":"closed","template":"","meta":[],"yoast_head":"<!-- This site is optimized with the Yoast SEO plugin v21.1 - https:\/\/yoast.com\/wordpress\/plugins\/seo\/ -->\n<title>Pol\u00edtica de privacidad - Capricare Spain HCP<\/title>\n<meta name=\"description\" content=\"To assist you with customer service queries we ask you to provide customer service information about our products or using our products.\" \/>\n<meta name=\"robots\" content=\"index, follow, max-snippet:-1, max-image-preview:large, max-video-preview:-1\" \/>\n<link rel=\"canonical\" href=\"https:\/\/www.capricare.es\/hcp\/politica-de-privacidad\/\" \/>\n<meta property=\"og:locale\" content=\"en_US\" \/>\n<meta property=\"og:type\" content=\"article\" \/>\n<meta property=\"og:title\" content=\"Pol\u00edtica de privacidad - Capricare Spain HCP\" \/>\n<meta property=\"og:description\" content=\"To assist you with customer service queries we ask you to provide customer service information about our products or using our products.\" \/>\n<meta property=\"og:url\" content=\"https:\/\/www.capricare.es\/hcp\/politica-de-privacidad\/\" \/>\n<meta property=\"og:site_name\" content=\"Capricare Spain HCP\" \/>\n<meta property=\"article:modified_time\" content=\"2020-04-14T02:40:59+00:00\" \/>\n<meta name=\"twitter:card\" content=\"summary_large_image\" \/>\n<meta name=\"twitter:label1\" content=\"Est. reading time\" \/>\n\t<meta name=\"twitter:data1\" content=\"8 minutes\" \/>\n<script type=\"application\/ld+json\" class=\"yoast-schema-graph\">{\"@context\":\"https:\/\/schema.org\",\"@graph\":[{\"@type\":\"WebPage\",\"@id\":\"https:\/\/www.capricare.es\/hcp\/politica-de-privacidad\/\",\"url\":\"https:\/\/www.capricare.es\/hcp\/politica-de-privacidad\/\",\"name\":\"Pol\u00edtica de privacidad - Capricare Spain HCP\",\"isPartOf\":{\"@id\":\"https:\/\/www.capricare.es\/hcp\/#website\"},\"datePublished\":\"2019-12-20T21:27:02+00:00\",\"dateModified\":\"2020-04-14T02:40:59+00:00\",\"description\":\"To assist you with customer service queries we ask you to provide customer service information about our products or using our products.\",\"breadcrumb\":{\"@id\":\"https:\/\/www.capricare.es\/hcp\/politica-de-privacidad\/#breadcrumb\"},\"inLanguage\":\"en-NZ\",\"potentialAction\":[{\"@type\":\"ReadAction\",\"target\":[\"https:\/\/www.capricare.es\/hcp\/politica-de-privacidad\/\"]}]},{\"@type\":\"BreadcrumbList\",\"@id\":\"https:\/\/www.capricare.es\/hcp\/politica-de-privacidad\/#breadcrumb\",\"itemListElement\":[{\"@type\":\"ListItem\",\"position\":1,\"name\":\"Home\",\"item\":\"https:\/\/www.capricare.es\/hcp\/\"},{\"@type\":\"ListItem\",\"position\":2,\"name\":\"Pol\u00edtica de privacidad\"}]},{\"@type\":\"WebSite\",\"@id\":\"https:\/\/www.capricare.es\/hcp\/#website\",\"url\":\"https:\/\/www.capricare.es\/hcp\/\",\"name\":\"Capricare Spain HCP\",\"description\":\"\",\"potentialAction\":[{\"@type\":\"SearchAction\",\"target\":{\"@type\":\"EntryPoint\",\"urlTemplate\":\"https:\/\/www.capricare.es\/hcp\/?s={search_term_string}\"},\"query-input\":\"required name=search_term_string\"}],\"inLanguage\":\"en-NZ\"}]}<\/script>\n<!-- \/ Yoast SEO plugin. -->","yoast_head_json":{"title":"Pol\u00edtica de privacidad - Capricare Spain HCP","description":"To assist you with customer service queries we ask you to provide customer service information about our products or using our products.","robots":{"index":"index","follow":"follow","max-snippet":"max-snippet:-1","max-image-preview":"max-image-preview:large","max-video-preview":"max-video-preview:-1"},"canonical":"https:\/\/www.capricare.es\/hcp\/politica-de-privacidad\/","og_locale":"en_US","og_type":"article","og_title":"Pol\u00edtica de privacidad - Capricare Spain HCP","og_description":"To assist you with customer service queries we ask you to provide customer service information about our products or using our products.","og_url":"https:\/\/www.capricare.es\/hcp\/politica-de-privacidad\/","og_site_name":"Capricare Spain HCP","article_modified_time":"2020-04-14T02:40:59+00:00","twitter_card":"summary_large_image","twitter_misc":{"Est. reading time":"8 minutes"},"schema":{"@context":"https:\/\/schema.org","@graph":[{"@type":"WebPage","@id":"https:\/\/www.capricare.es\/hcp\/politica-de-privacidad\/","url":"https:\/\/www.capricare.es\/hcp\/politica-de-privacidad\/","name":"Pol\u00edtica de privacidad - Capricare Spain HCP","isPartOf":{"@id":"https:\/\/www.capricare.es\/hcp\/#website"},"datePublished":"2019-12-20T21:27:02+00:00","dateModified":"2020-04-14T02:40:59+00:00","description":"To assist you with customer service queries we ask you to provide customer service information about our products or using our products.","breadcrumb":{"@id":"https:\/\/www.capricare.es\/hcp\/politica-de-privacidad\/#breadcrumb"},"inLanguage":"en-NZ","potentialAction":[{"@type":"ReadAction","target":["https:\/\/www.capricare.es\/hcp\/politica-de-privacidad\/"]}]},{"@type":"BreadcrumbList","@id":"https:\/\/www.capricare.es\/hcp\/politica-de-privacidad\/#breadcrumb","itemListElement":[{"@type":"ListItem","position":1,"name":"Home","item":"https:\/\/www.capricare.es\/hcp\/"},{"@type":"ListItem","position":2,"name":"Pol\u00edtica de privacidad"}]},{"@type":"WebSite","@id":"https:\/\/www.capricare.es\/hcp\/#website","url":"https:\/\/www.capricare.es\/hcp\/","name":"Capricare Spain HCP","description":"","potentialAction":[{"@type":"SearchAction","target":{"@type":"EntryPoint","urlTemplate":"https:\/\/www.capricare.es\/hcp\/?s={search_term_string}"},"query-input":"required name=search_term_string"}],"inLanguage":"en-NZ"}]}},"_links":{"self":[{"href":"https:\/\/www.capricare.es\/hcp\/wp-json\/wp\/v2\/pages\/29"}],"collection":[{"href":"https:\/\/www.capricare.es\/hcp\/wp-json\/wp\/v2\/pages"}],"about":[{"href":"https:\/\/www.capricare.es\/hcp\/wp-json\/wp\/v2\/types\/page"}],"author":[{"embeddable":true,"href":"https:\/\/www.capricare.es\/hcp\/wp-json\/wp\/v2\/users\/1"}],"replies":[{"embeddable":true,"href":"https:\/\/www.capricare.es\/hcp\/wp-json\/wp\/v2\/comments?post=29"}],"version-history":[{"count":7,"href":"https:\/\/www.capricare.es\/hcp\/wp-json\/wp\/v2\/pages\/29\/revisions"}],"predecessor-version":[{"id":849,"href":"https:\/\/www.capricare.es\/hcp\/wp-json\/wp\/v2\/pages\/29\/revisions\/849"}],"wp:attachment":[{"href":"https:\/\/www.capricare.es\/hcp\/wp-json\/wp\/v2\/media?parent=29"}],"curies":[{"name":"wp","href":"https:\/\/api.w.org\/{rel}","templated":true}]}}